{"id":813,"date":"2023-02-27T12:31:14","date_gmt":"2023-02-27T10:31:14","guid":{"rendered":"https:\/\/pgdbegunje.si\/?page_id=813"},"modified":"2025-02-17T11:50:13","modified_gmt":"2025-02-17T10:50:13","slug":"funkcionarji","status":"publish","type":"page","link":"https:\/\/pgdbegunje.si\/?page_id=813","title":{"rendered":"Funkcionarji"},"content":{"rendered":"\n<p><strong><mark style=\"background-color:#e53b51\" class=\"has-inline-color has-white-color\">OPERATIVNE FUNKCIJE<\/mark><\/strong><br><strong>Poveljnik<\/strong> KRANJEC JANEZ<br><br><strong>Namestnik poveljnika<\/strong> OBREZA ALE\u0160<br><br><strong>Podpoveljnik<\/strong> \u0160VIGELJ BO\u0160TJAN<br><br><strong>Pomo\u010dnik poveljnika naprav za za\u0161\u010dito dihal<\/strong> OBREZA MATEJ<br><br><strong>Pomo\u010dnik poveljnika za radijske zveze <\/strong>MEDEN BORIS<br><br><strong>Pomo\u010dnik poveljnika za prvo pomo\u010d<\/strong> MEDEN JANKO<br><br><strong>Glavni strojnik<\/strong> MEDEN BORIS<br><br><strong>Orodjar <\/strong>KO\u0160IR JAKOB<br><br><strong>Voznik C <\/strong>KRANJEC JANEZ<br><strong>Voznik C <\/strong>MEDEN JANKO<br><strong>Voznik C <\/strong>\u0160VIGELJ TOMA\u017d<br><strong>Voznik C <\/strong>PLE\u0160 MARTIN<br><strong>Voznik C <\/strong>OBLAK JERNEJ<br><strong>Voznik C <\/strong>RO\u017dANC ANTON<br><strong>Voznik C <\/strong>OPEKA ANTON<br><strong>Voznik C <\/strong>SKUK GA\u0160PER<br><br><strong>Gospodar &#8211; hi\u0161nik<\/strong> MEDEN JANKO<br><strong>Gospodar &#8211; hi\u0161nik<\/strong> PETRI\u010c BERNARD<br><strong>Gospodar &#8211; hi\u0161nik<\/strong> OPEKA ANTON<\/p>\n\n\n\n<p><br><strong><mark style=\"background-color:#e53b51\" class=\"has-inline-color has-white-color\">ORGANIZACIJSKE FUNKCIJE<\/mark><\/strong><br><strong>Predsednik GD<\/strong> OTONI\u010cAR KLARA<br><br><strong>Tajnik GD<\/strong> PENCA VESNA<br><br><strong>Administrator GD<\/strong> OBREZA MATEJ<br><br><strong>Prapor\u0161\u010dak GD<\/strong> \u0160VIGELJ TOMA\u017d<br><strong>Prapor\u0161\u010dak GD<\/strong> PLE\u0160 MARTIN<br><strong>Prapor\u0161\u010dak GD<\/strong> PETRI\u010c MARCEL<br><br><strong>\u010clan upravnega odbora GD<\/strong> OTONI\u010cAR KLARA<br><strong>\u010clan upravnega odbora GD<\/strong> PENCA VESNA<br><strong>\u010clan upravnega odbora GD<\/strong> KRANJEC JANEZ<br><strong>\u010clan upravnega odbora GD<\/strong> \u0160VIGELJ BO\u0160TJAN<br><strong>\u010clan upravnega odbora GD<\/strong> OBREZA MATEJ<br><strong>\u010clan upravnega odbora GD<\/strong> KO\u0160IR JAKOB<br><strong>\u010clan upravnega odbora GD<\/strong> RO\u017dANC ANTON<br><strong>\u010clan upravnega odbora GD<\/strong> PLE\u0160 MARTIN<br><strong>\u010clan upravnega odbora GD<\/strong> PETRI\u010c MARCEL<br><strong>\u010clan upravnega odbora GD<\/strong> MAJERLE ALJA<br><br><strong>Predsednik nadzornega odbora GD<\/strong> RO\u017dANEC ZALA<br><strong>\u010clan nadzornega odbora GD<\/strong> MEDEN JANKO<br><strong>\u010clan nadzornega odbora GD<\/strong> \u0160VIGELJ TOMA\u017d<br><br><strong>Predsednik disciplinske komisije GD<\/strong> \u0160VIGELJ PETRA<br><strong>\u010clan disciplinske komisije GD<\/strong> BOR\u0160TNIK HELENA<br><strong>\u010clan disciplinske komisije GD<\/strong> RO\u017dANC MARTIN<br><strong>\u010clan disciplinske komisije GD<\/strong> MEDEN BORIS<br><strong>\u010clan disciplinske komisije GD<\/strong> PETRI\u010c BERNARD<br><br><strong>Predsednik komisije GD &#8211; odlikovanja in priznanja<\/strong> OBREZA MATEJ<br><strong>\u010clan komisije GD &#8211; odlikovanja in priznanja<\/strong> RO\u017dANC ANTON<br><strong>\u010clan komisije GD &#8211; odlikovanja in priznanja <\/strong>PLE\u0160 MARTIN<br><br><strong>Predsednik komisije GD &#8211; mladina<\/strong> \u0160VIGELJ BO\u0160TJAN<br><strong>\u010clan komisije GD &#8211; mladina <\/strong>MAJERLE ALJA<br><strong>\u010clan komisije GD &#8211; mladina<\/strong> PENCA VESNA<br><br><strong>Predsednik komisije GD &#8211; \u010dlanice<\/strong> PENCA VESNA<br><strong>\u010clan komisije GD &#8211; \u010dlanice<\/strong> BOR\u0160TNIK HELENA<br><strong>\u010clan komisije GD &#8211; \u010dlanice<\/strong> \u0160VIGELJ PETRA<br><br><strong>Predsednik komisije GD &#8211; veterani<\/strong> RO\u017dANC ANTON<br><strong>\u010clan komisije GD &#8211; veterani<\/strong> OBREZA DU\u0160AN<br><strong>\u010clan komisije GD &#8211; veterani<\/strong> OTONI\u010cAR VINCENC<\/p>\n\n\n\n<p><br><strong><mark style=\"background-color:#e53b51\" class=\"has-inline-color has-white-color\">\u010cASTNE FUNKCIJE<\/mark><\/strong><br><strong>\u010castni poveljnik<\/strong> RO\u017dANC ANTON<\/p>\n\n\n\n<p><\/p>\n","protected":false},"excerpt":{"rendered":"<p>OPERATIVNE FUNKCIJEPoveljnik KRANJEC JANEZ Namestnik poveljnika OBREZA ALE\u0160 Podpoveljnik \u0160VIGELJ BO\u0160TJAN Pomo\u010dnik poveljnika naprav za&#8230;<\/p>\n","protected":false},"author":4,"featured_media":0,"parent":12,"menu_order":0,"comment_status":"closed","ping_status":"closed","template":"","meta":{"footnotes":""},"class_list":["post-813","page","type-page","status-publish","hentry"],"_links":{"self":[{"href":"https:\/\/pgdbegunje.si\/index.php?rest_route=\/wp\/v2\/pages\/813","targetHints":{"allow":["GET"]}}],"collection":[{"href":"https:\/\/pgdbegunje.si\/index.php?rest_route=\/wp\/v2\/pages"}],"about":[{"href":"https:\/\/pgdbegunje.si\/index.php?rest_route=\/wp\/v2\/types\/page"}],"author":[{"embeddable":true,"href":"https:\/\/pgdbegunje.si\/index.php?rest_route=\/wp\/v2\/users\/4"}],"replies":[{"embeddable":true,"href":"https:\/\/pgdbegunje.si\/index.php?rest_route=%2Fwp%2Fv2%2Fcomments&post=813"}],"version-history":[{"count":17,"href":"https:\/\/pgdbegunje.si\/index.php?rest_route=\/wp\/v2\/pages\/813\/revisions"}],"predecessor-version":[{"id":2124,"href":"https:\/\/pgdbegunje.si\/index.php?rest_route=\/wp\/v2\/pages\/813\/revisions\/2124"}],"up":[{"embeddable":true,"href":"https:\/\/pgdbegunje.si\/index.php?rest_route=\/wp\/v2\/pages\/12"}],"wp:attachment":[{"href":"https:\/\/pgdbegunje.si\/index.php?rest_route=%2Fwp%2Fv2%2Fmedia&parent=813"}],"curies":[{"name":"wp","href":"https:\/\/api.w.org\/{rel}","templated":true}]}}