{"id":325,"date":"2019-12-02T23:52:57","date_gmt":"2019-12-02T22:52:57","guid":{"rendered":"https:\/\/pgdbegunje.si\/?page_id=325"},"modified":"2025-01-09T16:50:07","modified_gmt":"2025-01-09T15:50:07","slug":"vreme","status":"publish","type":"page","link":"https:\/\/pgdbegunje.si\/?page_id=325","title":{"rendered":"vremenska opozorila in podatki"},"content":{"rendered":"\n<p><iframe src=\"https:\/\/vreme.arso.gov.si\/widget\/?&amp;loc=Cerknica\" style=\"border:0; height: 185px; width: 100%;\"><\/iframe><br><br><\/p>\n\n\n\n<p><p><strong>VREMENSKE POSTAJE V OKOLICI<\/strong><br><a href=\"https:\/\/www.wunderground.com\/dashboard\/pws\/ICERKN51\">Begunje (Dolgi klanec)<\/a><br><a href=\"https:\/\/www.wunderground.com\/dashboard\/pws\/ICERKNIC7\">Begunje<\/a><br><a href=\"https:\/\/www.ecowitt.net\/home\/index?id=103830\">Sel\u0161\u010dek<\/a><\/p><\/p>\n\n\n\n<p><strong>VREMENSKA OPOZORILA<\/strong><br><a href=\"https:\/\/www.meteoalarm.org\/en\/region\/SI\" target=\"_blank\" rel=\"noreferrer noopener\">Meteoalarm<\/a> &#8211; opozorila na ekstremne vremenske razmere po Evropi<br><a aria-label=\"SMOK (opens in a new tab)\" href=\"http:\/\/smok.sos112.si\/\" target=\"_blank\" rel=\"noreferrer noopener\">SMOK<\/a> &#8211; sistem monitoringa opozarjanja in kontrole<br><br><strong>VREMENSKI PODATKI in NAPOVEDI<\/strong><br><a aria-label=\"ARSO vreme (opens in a new tab)\" href=\"http:\/\/vreme.arso.gov.si\/napoved\/Cerknica\/graf\" target=\"_blank\" rel=\"noreferrer noopener\">ARSO vreme<\/a> &#8211; vremenska napoved<br><a aria-label=\"ARSO podatki (opens in a new tab)\" href=\"https:\/\/meteo.arso.gov.si\/met\/sl\/weather\/observ\/surface\/\" target=\"_blank\" rel=\"noreferrer noopener\">ARSO podatki<\/a> &#8211; trenutni vremenski podatki samodejnih postaj<br><a aria-label=\"ZEVS MapView (opens in a new tab)\" href=\"http:\/\/www.geostik.com\/mv40.asp\" target=\"_blank\" rel=\"noreferrer noopener\">ZEVS MapView<\/a> &#8211; prikaz vremenskih podatkov na zemljevidu<br><a aria-label=\"neurje.si (opens in a new tab)\" href=\"http:\/\/neurje.si\/\" target=\"_blank\" rel=\"noreferrer noopener\">neurje.si<\/a> &#8211; spletni portal &#8220;Neurje &#8211; Storm Chasers&#8221;<br><br><strong>PADAVINE<\/strong><br><a href=\"https:\/\/www.arso.gov.si\/vreme\/napovedi%20in%20podatki\/radar_animacija.html\" target=\"_blank\" rel=\"noreferrer noopener\">ARSO padavine<\/a> &#8211; radarska slika jakosti padavin <br><br><strong>TO\u010cA<\/strong><br><a aria-label=\"ARSO METEO (opens in a new tab)\" href=\"https:\/\/meteo.arso.gov.si\/met\/sl\/warning\/hail\/\" target=\"_blank\" rel=\"noreferrer noopener\">ARSO METEO<\/a> &#8211; verjetnost trenutnega pojava to\u010de<br><br><strong>VODE<\/strong><br><a aria-label=\"ARSO vode (opens in a new tab)\" href=\"http:\/\/www.arso.gov.si\/vode\/napovedi\/\" target=\"_blank\" rel=\"noreferrer noopener\">ARSO vode<\/a> &#8211; hidrolo\u0161ko stanje in napovedi<br><a aria-label=\"ARSO hidrolo\u0161ki podatki (opens in a new tab)\" href=\"http:\/\/www.arso.gov.si\/vode\/podatki\/amp\/\" target=\"_blank\" rel=\"noreferrer noopener\">ARSO hidrolo\u0161ki podatki<\/a> &#8211; podatki samodejnih hidrolo\u0161kih postaj<br><br><strong>STRELE<\/strong><br><a href=\"http:\/\/map.blitzortung.org\/#8.14\/46.147\/14.967\" target=\"_blank\" rel=\"noreferrer noopener\">Blitzortung.org<\/a> &#8211; prikaz atmosferskih razelektritev na zemljevidu <br><br><strong>POTRESI<\/strong><br><a aria-label=\"ARSO potresi (opens in a new tab)\" href=\"http:\/\/potresi.arso.gov.si\/zadnji-potresi\" target=\"_blank\" rel=\"noreferrer noopener\">ARSO potresi<\/a> &#8211; obvestila o zadnjih potresih<br><br><strong>RADIOAKTIVNOST<\/strong><br><a aria-label=\"MZO radioaktivnost (opens in a new tab)\" href=\"https:\/\/www.radioaktivnost.si\/rvo_public\/RVO\/Map\" target=\"_blank\" rel=\"noreferrer noopener\">MZO radioaktivnost<\/a> &#8211; mre\u017ea zgodnjega obve\u0161\u010danja o radioaktivnosti v okolju<br><br><strong>ZRAK<\/strong><br><a aria-label=\"ARSO zrak (opens in a new tab)\" href=\"http:\/\/www.arso.gov.si\/zrak\/kakovost%20zraka\/podatki\/\" target=\"_blank\" rel=\"noreferrer noopener\">ARSO zrak<\/a> &#8211; podatki o kakovosti zraka<br><br><strong>PO\u017dARNA OGRO\u017dENOST<\/strong><br><a aria-label=\"ARSO po\u017earna ogro\u017eenost (opens in a new tab)\" href=\"https:\/\/meteo.arso.gov.si\/met\/sl\/warning\/fire\/\" target=\"_blank\" rel=\"noreferrer noopener\">ARSO po\u017earna ogro\u017eenost<\/a> &#8211; Po\u017earna ogro\u017eenost naravnega okolja<\/p>\n\n\n\n<p><strong>PO\u017dARI<\/strong><br><a href=\"https:\/\/firms.modaps.eosdis.nasa.gov\/map\/#d:24hrs;@15.8,46.3,8z\" target=\"_blank\" rel=\"noreferrer noopener\">NASA FIRMS<\/a> &#8211; fire information for resource management system<\/p>\n","protected":false},"excerpt":{"rendered":"<p>VREMENSKE POSTAJE V OKOLICIBegunje (Dolgi klanec)BegunjeSel\u0161\u010dek VREMENSKA OPOZORILAMeteoalarm &#8211; opozorila na ekstremne vremenske razmere po&#8230;<\/p>\n","protected":false},"author":4,"featured_media":0,"parent":0,"menu_order":0,"comment_status":"closed","ping_status":"closed","template":"","meta":{"footnotes":""},"class_list":["post-325","page","type-page","status-publish","hentry"],"_links":{"self":[{"href":"https:\/\/pgdbegunje.si\/index.php?rest_route=\/wp\/v2\/pages\/325","targetHints":{"allow":["GET"]}}],"collection":[{"href":"https:\/\/pgdbegunje.si\/index.php?rest_route=\/wp\/v2\/pages"}],"about":[{"href":"https:\/\/pgdbegunje.si\/index.php?rest_route=\/wp\/v2\/types\/page"}],"author":[{"embeddable":true,"href":"https:\/\/pgdbegunje.si\/index.php?rest_route=\/wp\/v2\/users\/4"}],"replies":[{"embeddable":true,"href":"https:\/\/pgdbegunje.si\/index.php?rest_route=%2Fwp%2Fv2%2Fcomments&post=325"}],"version-history":[{"count":28,"href":"https:\/\/pgdbegunje.si\/index.php?rest_route=\/wp\/v2\/pages\/325\/revisions"}],"predecessor-version":[{"id":1993,"href":"https:\/\/pgdbegunje.si\/index.php?rest_route=\/wp\/v2\/pages\/325\/revisions\/1993"}],"wp:attachment":[{"href":"https:\/\/pgdbegunje.si\/index.php?rest_route=%2Fwp%2Fv2%2Fmedia&parent=325"}],"curies":[{"name":"wp","href":"https:\/\/api.w.org\/{rel}","templated":true}]}}