{"id":1933,"date":"2024-12-06T18:35:05","date_gmt":"2024-12-06T17:35:05","guid":{"rendered":"https:\/\/pgdbegunje.si\/?page_id=1933"},"modified":"2024-12-24T11:04:05","modified_gmt":"2024-12-24T10:04:05","slug":"donacije","status":"publish","type":"page","link":"https:\/\/pgdbegunje.si\/?page_id=1933","title":{"rendered":"donacije"},"content":{"rendered":"\n<p><strong>Doniranje preko nakazila<\/strong><\/p>\n\n\n\n<figure class=\"wp-block-image aligncenter size-large\"><a href=\"https:\/\/pgdbegunje.si\/wp-content\/uploads\/2024\/12\/Opticno-prebrana-kopija_20241224-2.bmp\"><img loading=\"lazy\" decoding=\"async\" width=\"1024\" height=\"485\" src=\"https:\/\/pgdbegunje.si\/wp-content\/uploads\/2024\/12\/Opticno-prebrana-kopija_20241224-2-1024x485.jpg\" alt=\"\" class=\"wp-image-1976\" srcset=\"https:\/\/pgdbegunje.si\/wp-content\/uploads\/2024\/12\/Opticno-prebrana-kopija_20241224-2-1024x485.jpg 1024w, https:\/\/pgdbegunje.si\/wp-content\/uploads\/2024\/12\/Opticno-prebrana-kopija_20241224-2-300x142.jpg 300w, https:\/\/pgdbegunje.si\/wp-content\/uploads\/2024\/12\/Opticno-prebrana-kopija_20241224-2-768x364.jpg 768w, https:\/\/pgdbegunje.si\/wp-content\/uploads\/2024\/12\/Opticno-prebrana-kopija_20241224-2-1536x728.jpg 1536w, https:\/\/pgdbegunje.si\/wp-content\/uploads\/2024\/12\/Opticno-prebrana-kopija_20241224-2-2048x971.jpg 2048w\" sizes=\"auto, (max-width: 1024px) 100vw, 1024px\" \/><\/a><\/figure>\n\n\n\n<p><\/p>\n\n\n\n<p><strong>Doniranje dela dohodnine<\/strong><\/p>\n\n\n\n<p>Vsi, ki v Sloveniji pla\u010dujemo dohodnino, lahko do 1% svoje dohodnine namenimo razli\u010dnim nevladnim organizacijam. Ta donacija vas ni\u010d ne stane, saj gre druga\u010de ta odstotek v prora\u010dun Republike Slovenije. Z namenitviji dela dohodnine pomembno podprete delovanje na\u0161e organizacije. V kolikor ste to enkrat \u017ee storili, vam zahteve ni potrebno ponavljati, le \u010de \u017eelite spremeniti upravi\u010denca. V kolikor naletite na te\u017eave, se lahko obrnete na dru\u0161tven e-mail.<\/p>\n\n\n\n<p>Poleg donacije dela hohodnine, lahko denarna sredstva donirate tudi direktno na na\u0161 ban\u010dni ra\u010dun SI56 0202 9001 3959 178.<\/p>\n\n\n<p><iframe loading=\"lazy\" id=\"enprocent_iframe\" frameborder=\"0\" width=\"800\" height=\"600\" style=\"max-width:100%;\" src=\"https:\/\/www.cnvos.si\/enprocent\/embed\/v2\/?address=BEGUNJE%20PRI%20CERKNICI%2025&#038;city=Begunje%20pri%20Cerknici&#038;name=PROSTOVOLJNO%20GASILSKO%20DRU%C5%A0TVO%20BEGUNJE%20PRI%20CERKNICI&#038;percent=1.0&#038;postalCode=1382&#038;taxNumber=86589989\"><\/iframe><script src=\"https:\/\/cdnjs.cloudflare.com\/ajax\/libs\/iframe-resizer\/4.3.2\/iframeResizer.min.js\"><\/script><script>iFrameResize({checkOrigin:false},'#enprocent_iframe');<\/script><\/p>\n\n\n<p><a href=\"https:\/\/edavki.durs.si\/OpenPortal\/Dokumenti\/doh_don.i.sl.pdf\">PDF obrazec<\/a> za tiskanje in ro\u010dno izpolnjevanje podatkov.<\/p>\n","protected":false},"excerpt":{"rendered":"<p>Doniranje preko nakazila Doniranje dela dohodnine Vsi, ki v Sloveniji pla\u010dujemo dohodnino, lahko do 1%&#8230;<\/p>\n","protected":false},"author":4,"featured_media":0,"parent":0,"menu_order":0,"comment_status":"closed","ping_status":"closed","template":"","meta":{"footnotes":""},"class_list":["post-1933","page","type-page","status-publish","hentry"],"_links":{"self":[{"href":"https:\/\/pgdbegunje.si\/index.php?rest_route=\/wp\/v2\/pages\/1933","targetHints":{"allow":["GET"]}}],"collection":[{"href":"https:\/\/pgdbegunje.si\/index.php?rest_route=\/wp\/v2\/pages"}],"about":[{"href":"https:\/\/pgdbegunje.si\/index.php?rest_route=\/wp\/v2\/types\/page"}],"author":[{"embeddable":true,"href":"https:\/\/pgdbegunje.si\/index.php?rest_route=\/wp\/v2\/users\/4"}],"replies":[{"embeddable":true,"href":"https:\/\/pgdbegunje.si\/index.php?rest_route=%2Fwp%2Fv2%2Fcomments&post=1933"}],"version-history":[{"count":6,"href":"https:\/\/pgdbegunje.si\/index.php?rest_route=\/wp\/v2\/pages\/1933\/revisions"}],"predecessor-version":[{"id":1978,"href":"https:\/\/pgdbegunje.si\/index.php?rest_route=\/wp\/v2\/pages\/1933\/revisions\/1978"}],"wp:attachment":[{"href":"https:\/\/pgdbegunje.si\/index.php?rest_route=%2Fwp%2Fv2%2Fmedia&parent=1933"}],"curies":[{"name":"wp","href":"https:\/\/api.w.org\/{rel}","templated":true}]}}